{"id":48154,"date":"2025-10-21T10:23:01","date_gmt":"2025-10-21T10:23:01","guid":{"rendered":"https:\/\/www.tuxhorn.de\/accessibility-statement\/"},"modified":"2025-10-21T10:23:01","modified_gmt":"2025-10-21T10:23:01","slug":"accessibility-statement","status":"publish","type":"page","link":"https:\/\/www.tuxhorn.de\/en\/accessibility-statement\/","title":{"rendered":"Accessibility statement"},"content":{"rendered":"\n\n<h6 class=\"wp-block-heading has-text-align-center\">Barrierefreiheitserkl\u00e4rung f\u00fcr https:\/\/www.tuxhorn.de\/<\/h6>\n\n\n<p><strong>Gebr. Tuxhorn GmbH &#038; Co. KG<\/strong> setzt sich daf\u00fcr ein, die digitale Zug\u00e4nglichkeit f\u00fcr Menschen mit Behinderungen zu gew\u00e4hrleisten. Wir verbessern st\u00e4ndig die Benutzerfreundlichkeit f\u00fcr alle und wenden die einschl\u00e4gigen Barrierefreiheits-Standards an.<\/p>\n\n\n<h6 class=\"wp-block-heading\">Status der Konformit\u00e4t<\/h6>\n\n\n<p>Die Web Content Accessibility Guidelines (WCAG) definieren Anforderungen an Designer und Entwickler, um die Zug\u00e4nglichkeit f\u00fcr Menschen mit Behinderungen zu verbessern. Sie definieren drei Stufen der Konformit\u00e4t: Stufe A, Stufe AA und Stufe AAA.<\/p>\n\n\n<p><strong>Gebr. Tuxhorn GmbH &#038; Co. KG<\/strong> bem\u00fcht sich st\u00e4ndig um die Verbesserung der Zug\u00e4nglichkeit seiner Website und seiner Dienste in der \u00dcberzeugung, dass es unsere kollektive moralische Verpflichtung ist, eine nahtlose, zug\u00e4ngliche und ungehinderte Nutzung f\u00fcr Menschen mit Behinderungen zu erm\u00f6glichen.<\/p>\n\n\n<p>Wir sind bestrebt, alle Seiten und Inhalte auf <strong>https:\/\/www.tuxhorn.de\/<\/strong> zug\u00e4nglich zu machen, aber es kann sein, dass einige Inhalte noch nicht vollst\u00e4ndig den h\u00f6chsten Barrierefreiheit-Standards entsprechen. Dies k\u00f6nnte darauf zur\u00fcckzuf\u00fchren sein, dass es schwierig ist, die am besten geeignete technische L\u00f6sung zu finden.<\/p>\n\n\n<p>Wir k\u00f6nnen diese Erkl\u00e4rung von Zeit zu Zeit \u00fcberarbeiten, um Verbesserungen oder \u00c4nderungen an unseren Barrierefreiheitspraktiken zu ber\u00fccksichtigen.<\/p>\n\n\n<h6 class=\"wp-block-heading\">Feedback<\/h6>\n\n\n<p>Wir freuen uns \u00fcber dein Feedback zur Barrierefreiheit der <strong>Gebr. Tuxhorn GmbH &#038; Co. KG<\/strong>-Website. Bitte teile uns mit, wenn du auf unserer Website auf Zug\u00e4nglichkeitsbarrieren st\u00f6\u00dft:<\/p>\n\n\n<p>E-Mail: <strong>&#x69;&#x6e;&#x66;&#x6f;&#x40;&#x74;&#117;&#120;&#104;&#111;rn&#46;d&#x65;<\/strong><\/p>\n\n\n<p>Wir versuchen, innerhalb von 3-5 Werktagen auf R\u00fcckmeldungen zu reagieren.<\/p>\n\n\n<p>Diese Erkl\u00e4rung wurde am 21.10.2025 erstellt. <\/p>\n","protected":false},"excerpt":{"rendered":"<p>Barrierefreiheitserkl\u00e4rung f\u00fcr https:\/\/www.tuxhorn.de\/ Gebr. Tuxhorn GmbH &#038; Co. KG setzt sich daf\u00fcr ein, die digitale Zug\u00e4nglichkeit f\u00fcr Menschen mit Behinderungen zu gew\u00e4hrleisten. Wir verbessern st\u00e4ndig die Benutzerfreundlichkeit f\u00fcr alle und wenden die einschl\u00e4gigen Barrierefreiheits-Standards an. Status der Konformit\u00e4t Die Web Content Accessibility Guidelines (WCAG) definieren Anforderungen an Designer und Entwickler, um die Zug\u00e4nglichkeit f\u00fcr Menschen [&hellip;]<\/p>\n","protected":false},"author":6,"featured_media":0,"parent":0,"menu_order":0,"comment_status":"closed","ping_status":"closed","template":"","meta":{"footnotes":""},"class_list":["post-48154","page","type-page","status-publish","hentry"],"_links":{"self":[{"href":"https:\/\/www.tuxhorn.de\/en\/wp-json\/wp\/v2\/pages\/48154","targetHints":{"allow":["GET"]}}],"collection":[{"href":"https:\/\/www.tuxhorn.de\/en\/wp-json\/wp\/v2\/pages"}],"about":[{"href":"https:\/\/www.tuxhorn.de\/en\/wp-json\/wp\/v2\/types\/page"}],"author":[{"embeddable":true,"href":"https:\/\/www.tuxhorn.de\/en\/wp-json\/wp\/v2\/users\/6"}],"replies":[{"embeddable":true,"href":"https:\/\/www.tuxhorn.de\/en\/wp-json\/wp\/v2\/comments?post=48154"}],"version-history":[{"count":0,"href":"https:\/\/www.tuxhorn.de\/en\/wp-json\/wp\/v2\/pages\/48154\/revisions"}],"wp:attachment":[{"href":"https:\/\/www.tuxhorn.de\/en\/wp-json\/wp\/v2\/media?parent=48154"}],"curies":[{"name":"wp","href":"https:\/\/api.w.org\/{rel}","templated":true}]}}