{"id":40875,"date":"2024-01-05T13:42:30","date_gmt":"2024-01-05T13:42:30","guid":{"rendered":"https:\/\/www.tuxhorn.de\/azienda\/carriera\/"},"modified":"2025-11-04T08:41:58","modified_gmt":"2025-11-04T08:41:58","slug":"carriera","status":"publish","type":"page","link":"https:\/\/www.tuxhorn.de\/it\/azienda\/carriera\/","title":{"rendered":"Carriera"},"content":{"rendered":"\t\t<div data-elementor-type=\"wp-page\" data-elementor-id=\"40875\" class=\"elementor elementor-40875 elementor-35265\" data-elementor-post-type=\"page\">\n\t\t\t\t\t\t<section class=\"elementor-section elementor-top-section elementor-element elementor-element-1cbb18a elementor-section-full_width elementor-section-height-default elementor-section-height-default\" data-id=\"1cbb18a\" data-element_type=\"section\" data-e-type=\"section\" data-settings=\"{&quot;background_background&quot;:&quot;classic&quot;}\">\n\t\t\t\t\t\t<div class=\"elementor-container elementor-column-gap-no\">\n\t\t\t\t\t<div class=\"elementor-column elementor-col-100 elementor-top-column elementor-element elementor-element-66fdadc\" data-id=\"66fdadc\" data-element_type=\"column\" data-e-type=\"column\">\n\t\t\t<div class=\"elementor-widget-wrap elementor-element-populated\">\n\t\t\t\t\t\t<div class=\"elementor-element elementor-element-f0af935 elementor-widget elementor-widget-image\" data-id=\"f0af935\" data-element_type=\"widget\" data-e-type=\"widget\" data-widget_type=\"image.default\">\n\t\t\t\t<div class=\"elementor-widget-container\">\n\t\t\t\t\t\t\t\t\t\t\t\t\t\t\t<img decoding=\"async\" src=\"https:\/\/www.tuxhorn.de\/wp-content\/uploads\/elementor\/thumbs\/Webbanner-1400x600-Karriere-re7an78bqks2ccjsk8j7013svi7uavewms6515399y.jpg\" title=\"Karriere-Stellenangebote bei tuxhorn\" alt=\"Karriere-Stellenangebote bei tuxhorn\" loading=\"lazy\" \/>\t\t\t\t\t\t\t\t\t\t\t\t\t\t\t<\/div>\n\t\t\t\t<\/div>\n\t\t\t\t\t<\/div>\n\t\t<\/div>\n\t\t\t\t\t<\/div>\n\t\t<\/section>\n\t\t\t\t<section class=\"elementor-section elementor-top-section elementor-element elementor-element-fd6ff8a elementor-section-boxed elementor-section-height-default elementor-section-height-default\" data-id=\"fd6ff8a\" data-element_type=\"section\" data-e-type=\"section\" data-settings=\"{&quot;background_background&quot;:&quot;classic&quot;}\">\n\t\t\t\t\t\t<div class=\"elementor-container elementor-column-gap-default\">\n\t\t\t\t\t<div class=\"elementor-column elementor-col-100 elementor-top-column elementor-element elementor-element-dfc4d21\" data-id=\"dfc4d21\" data-element_type=\"column\" data-e-type=\"column\">\n\t\t\t<div class=\"elementor-widget-wrap\">\n\t\t\t\t\t\t\t<\/div>\n\t\t<\/div>\n\t\t\t\t\t<\/div>\n\t\t<\/section>\n\t\t\t\t<section class=\"elementor-section elementor-top-section elementor-element elementor-element-5d86c6d elementor-section-boxed elementor-section-height-default elementor-section-height-default\" data-id=\"5d86c6d\" data-element_type=\"section\" data-e-type=\"section\" data-settings=\"{&quot;background_background&quot;:&quot;classic&quot;}\">\n\t\t\t\t\t\t<div class=\"elementor-container elementor-column-gap-default\">\n\t\t\t\t\t<div class=\"elementor-column elementor-col-100 elementor-top-column elementor-element elementor-element-d9959bb\" data-id=\"d9959bb\" data-element_type=\"column\" data-e-type=\"column\">\n\t\t\t<div class=\"elementor-widget-wrap elementor-element-populated\">\n\t\t\t\t\t\t<div class=\"elementor-element elementor-element-e40c992 elementor-widget elementor-widget-heading\" data-id=\"e40c992\" data-element_type=\"widget\" data-e-type=\"widget\" data-widget_type=\"heading.default\">\n\t\t\t\t<div class=\"elementor-widget-container\">\n\t\t\t\t\t<h3 class=\"elementor-heading-title elementor-size-default\">Offerte di lavoro presso tuxhorn<\/h3>\t\t\t\t<\/div>\n\t\t\t\t<\/div>\n\t\t\t\t<div class=\"elementor-element elementor-element-4616594 elementor-widget elementor-widget-text-editor\" data-id=\"4616594\" data-element_type=\"widget\" data-e-type=\"widget\" data-widget_type=\"text-editor.default\">\n\t\t\t\t<div class=\"elementor-widget-container\">\n\t\t\t\t\t\t\t\t\t<p><b>Le persone sono al centro di tutto ci\u00f2 che facciamo.<\/b><br> Tuxhorn \u00e8 uno dei principali produttori tedeschi di valvole e gruppi di pompe per il controllo idraulico di impianti solari termici, di riscaldamento e di acqua dolce.<\/p><p>L&#8217;azienda di medie dimensioni con sede a Bielefeld vanta oltre 100 anni di tradizione ed \u00e8 caratterizzata da processi decisionali brevi tipici delle medie imprese, da un modo di lavorare dinamico e da un ampio coinvolgimento dei dipendenti (m\/f\/d).<\/p><p>I prodotti a marchio <sup>tubra\u00ae<\/sup> sono riconosciuti e hanno successo sui mercati globali grazie ai pi\u00f9 elevati standard di qualit\u00e0 e alle numerose possibilit\u00e0 di personalizzazione.<\/p><p>I nostri dipendenti (m\/f\/d) sono un fattore decisivo per questo successo di lunga data. I loro pensieri e le loro azioni sono caratterizzati da qualifiche ottimali per il rispettivo settore dell&#8217;azienda, libert\u00e0 di creativit\u00e0 e indipendenza, volont\u00e0 di assumersi e assumersi responsabilit\u00e0 e una spiccata consapevolezza della nostra promessa di qualit\u00e0 tQ.<\/p><p>Anche tu vorresti entrare a far parte del <strong>team di tuxhorn<\/strong>?<br>Allora dai un&#8217;occhiata alle nostre offerte di lavoro per vedere se stiamo cercando proprio la persona giusta da inserire nel team.<\/p>\t\t\t\t\t\t\t\t<\/div>\n\t\t\t\t<\/div>\n\t\t\t\t<div class=\"elementor-element elementor-element-8704717 elementor-icon-list--layout-traditional elementor-list-item-link-full_width elementor-widget elementor-widget-icon-list\" data-id=\"8704717\" data-element_type=\"widget\" data-e-type=\"widget\" data-widget_type=\"icon-list.default\">\n\t\t\t\t<div class=\"elementor-widget-container\">\n\t\t\t\t\t\t\t<ul class=\"elementor-icon-list-items\">\n\t\t\t\t\t\t\t<li class=\"elementor-icon-list-item\">\n\t\t\t\t\t\t\t\t\t\t\t<a href=\"https:\/\/www.tuxhorn.de\/unternehmen\/karriere\/stellenangebote\/\">\n\n\t\t\t\t\t\t\t\t\t\t\t\t<span class=\"elementor-icon-list-icon\">\n\t\t\t\t\t\t\t<i aria-hidden=\"true\" class=\"fas fa-chevron-right\"><\/i>\t\t\t\t\t\t<\/span>\n\t\t\t\t\t\t\t\t\t\t<span class=\"elementor-icon-list-text\">alle offerte di lavoro<\/span>\n\t\t\t\t\t\t\t\t\t\t\t<\/a>\n\t\t\t\t\t\t\t\t\t<\/li>\n\t\t\t\t\t\t<\/ul>\n\t\t\t\t\t\t<\/div>\n\t\t\t\t<\/div>\n\t\t\t\t<div class=\"elementor-element elementor-element-37ccfd1 elementor-widget-divider--view-line elementor-widget elementor-widget-divider\" data-id=\"37ccfd1\" data-element_type=\"widget\" data-e-type=\"widget\" data-widget_type=\"divider.default\">\n\t\t\t\t<div class=\"elementor-widget-container\">\n\t\t\t\t\t\t\t<div class=\"elementor-divider\">\n\t\t\t<span class=\"elementor-divider-separator\">\n\t\t\t\t\t\t<\/span>\n\t\t<\/div>\n\t\t\t\t\t\t<\/div>\n\t\t\t\t<\/div>\n\t\t\t\t<div class=\"elementor-element elementor-element-8807e88 elementor-widget elementor-widget-heading\" data-id=\"8807e88\" data-element_type=\"widget\" data-e-type=\"widget\" data-widget_type=\"heading.default\">\n\t\t\t\t<div class=\"elementor-widget-container\">\n\t\t\t\t\t<h3 class=\"elementor-heading-title elementor-size-default\">Formazione presso tuxhorn<\/h3>\t\t\t\t<\/div>\n\t\t\t\t<\/div>\n\t\t\t\t<div class=\"elementor-element elementor-element-34b303d elementor-widget elementor-widget-text-editor\" data-id=\"34b303d\" data-element_type=\"widget\" data-e-type=\"widget\" data-widget_type=\"text-editor.default\">\n\t\t\t\t<div class=\"elementor-widget-container\">\n\t\t\t\t\t\t\t\t\t<p><b>Formazione a Tuxhorn<\/b><\/p>\n<p>Vorresti iniziare la tua carriera da <strong>tuxhorn<\/strong>?<br>Allora dai un&#8217;occhiata a se stiamo offrendo esattamente la posizione di apprendistato che stai cercando.<\/p>\t\t\t\t\t\t\t\t<\/div>\n\t\t\t\t<\/div>\n\t\t\t\t<div class=\"elementor-element elementor-element-347e603 elementor-icon-list--layout-traditional elementor-list-item-link-full_width elementor-widget elementor-widget-icon-list\" data-id=\"347e603\" data-element_type=\"widget\" data-e-type=\"widget\" data-widget_type=\"icon-list.default\">\n\t\t\t\t<div class=\"elementor-widget-container\">\n\t\t\t\t\t\t\t<ul class=\"elementor-icon-list-items\">\n\t\t\t\t\t\t\t<li class=\"elementor-icon-list-item\">\n\t\t\t\t\t\t\t\t\t\t\t<a href=\"https:\/\/www.tuxhorn.de\/unternehmen\/karriere\/ausbildung\/\">\n\n\t\t\t\t\t\t\t\t\t\t\t\t<span class=\"elementor-icon-list-icon\">\n\t\t\t\t\t\t\t<i aria-hidden=\"true\" class=\"fas fa-chevron-right\"><\/i>\t\t\t\t\t\t<\/span>\n\t\t\t\t\t\t\t\t\t\t<span class=\"elementor-icon-list-text\">ai luoghi di formazione<\/span>\n\t\t\t\t\t\t\t\t\t\t\t<\/a>\n\t\t\t\t\t\t\t\t\t<\/li>\n\t\t\t\t\t\t<\/ul>\n\t\t\t\t\t\t<\/div>\n\t\t\t\t<\/div>\n\t\t\t\t\t<\/div>\n\t\t<\/div>\n\t\t\t\t\t<\/div>\n\t\t<\/section>\n\t\t\t\t<\/div>\n\t\t","protected":false},"excerpt":{"rendered":"<p>Offerte di lavoro presso tuxhorn Le persone sono al centro di tutto ci\u00f2 che facciamo. Tuxhorn \u00e8 uno dei principali produttori tedeschi di valvole e gruppi di pompe per il controllo idraulico di impianti solari termici, di riscaldamento e di acqua dolce. L&#8217;azienda di medie dimensioni con sede a Bielefeld vanta oltre 100 anni di [&hellip;]<\/p>\n","protected":false},"author":6,"featured_media":0,"parent":40871,"menu_order":113,"comment_status":"closed","ping_status":"closed","template":"page-templates\/fullwidth-content.php","meta":{"footnotes":""},"class_list":["post-40875","page","type-page","status-publish","hentry"],"_links":{"self":[{"href":"https:\/\/www.tuxhorn.de\/it\/wp-json\/wp\/v2\/pages\/40875","targetHints":{"allow":["GET"]}}],"collection":[{"href":"https:\/\/www.tuxhorn.de\/it\/wp-json\/wp\/v2\/pages"}],"about":[{"href":"https:\/\/www.tuxhorn.de\/it\/wp-json\/wp\/v2\/types\/page"}],"author":[{"embeddable":true,"href":"https:\/\/www.tuxhorn.de\/it\/wp-json\/wp\/v2\/users\/6"}],"replies":[{"embeddable":true,"href":"https:\/\/www.tuxhorn.de\/it\/wp-json\/wp\/v2\/comments?post=40875"}],"version-history":[{"count":4,"href":"https:\/\/www.tuxhorn.de\/it\/wp-json\/wp\/v2\/pages\/40875\/revisions"}],"predecessor-version":[{"id":49365,"href":"https:\/\/www.tuxhorn.de\/it\/wp-json\/wp\/v2\/pages\/40875\/revisions\/49365"}],"up":[{"embeddable":true,"href":"https:\/\/www.tuxhorn.de\/it\/wp-json\/wp\/v2\/pages\/40871"}],"wp:attachment":[{"href":"https:\/\/www.tuxhorn.de\/it\/wp-json\/wp\/v2\/media?parent=40875"}],"curies":[{"name":"wp","href":"https:\/\/api.w.org\/{rel}","templated":true}]}}