{"id":48820,"date":"2025-10-30T08:52:41","date_gmt":"2025-10-30T08:52:41","guid":{"rendered":"https:\/\/www.tuxhorn.de\/azienda\/carriera\/offerte-di-lavoro\/annuncio-di-lavoro2\/"},"modified":"2025-10-30T08:52:42","modified_gmt":"2025-10-30T08:52:42","slug":"annuncio-di-lavoro2","status":"publish","type":"page","link":"https:\/\/www.tuxhorn.de\/it\/azienda\/carriera\/offerte-di-lavoro\/annuncio-di-lavoro2\/","title":{"rendered":"Annuncio di lavoro2"},"content":{"rendered":"\t\t<div data-elementor-type=\"wp-page\" data-elementor-id=\"48820\" class=\"elementor elementor-48820 elementor-3999\" data-elementor-post-type=\"page\">\n\t\t\t\t\t\t<section class=\"elementor-section elementor-top-section elementor-element elementor-element-fd6ff8a elementor-section-boxed elementor-section-height-default elementor-section-height-default\" data-id=\"fd6ff8a\" data-element_type=\"section\" data-e-type=\"section\" data-settings=\"{&quot;background_background&quot;:&quot;classic&quot;}\">\n\t\t\t\t\t\t<div class=\"elementor-container elementor-column-gap-default\">\n\t\t\t\t\t<div class=\"elementor-column elementor-col-100 elementor-top-column elementor-element elementor-element-dfc4d21\" data-id=\"dfc4d21\" data-element_type=\"column\" data-e-type=\"column\">\n\t\t\t<div class=\"elementor-widget-wrap\">\n\t\t\t\t\t\t\t<\/div>\n\t\t<\/div>\n\t\t\t\t\t<\/div>\n\t\t<\/section>\n\t\t\t\t<section class=\"elementor-section elementor-top-section elementor-element elementor-element-5d86c6d elementor-section-boxed elementor-section-height-default elementor-section-height-default\" data-id=\"5d86c6d\" data-element_type=\"section\" data-e-type=\"section\" data-settings=\"{&quot;background_background&quot;:&quot;classic&quot;}\">\n\t\t\t\t\t\t<div class=\"elementor-container elementor-column-gap-default\">\n\t\t\t\t\t<div class=\"elementor-column elementor-col-100 elementor-top-column elementor-element elementor-element-d9959bb\" data-id=\"d9959bb\" data-element_type=\"column\" data-e-type=\"column\">\n\t\t\t<div class=\"elementor-widget-wrap elementor-element-populated\">\n\t\t\t\t\t\t<div class=\"elementor-element elementor-element-e40c992 elementor-widget elementor-widget-heading\" data-id=\"e40c992\" data-element_type=\"widget\" data-e-type=\"widget\" data-widget_type=\"heading.default\">\n\t\t\t\t<div class=\"elementor-widget-container\">\n\t\t\t\t\t<h3 class=\"elementor-heading-title elementor-size-default\">Annunci di lavoro a tuxhorn<\/h3>\t\t\t\t<\/div>\n\t\t\t\t<\/div>\n\t\t\t\t<div class=\"elementor-element elementor-element-4616594 elementor-widget__width-initial elementor-widget elementor-widget-text-editor\" data-id=\"4616594\" data-element_type=\"widget\" data-e-type=\"widget\" data-widget_type=\"text-editor.default\">\n\t\t\t\t<div class=\"elementor-widget-container\">\n\t\t\t\t\t\t\t\t\t<div><b>Impiegato<strong> (m\/f\/d) per consulenza tecnica \/ lavoro d&#8217;ufficio<\/strong><\/b><\/div>\n<div><b>&nbsp;<\/b><\/div>\n<div>\n<p><strong>tuxhorn armaturen<\/strong> \u00e8 un produttore tedesco di valvole e gruppi di pompe per il controllo idraulico degli impianti di riscaldamento e di acqua dolce e offre soluzioni per l&#8217;utilizzo efficiente delle energie rinnovabili.<\/p>\n<p>L&#8217;azienda di medie dimensioni con sede a Bielefeld vanta una tradizione di oltre 100 anni ed \u00e8 caratterizzata da processi decisionali brevi tipici delle medie imprese, da un modo di lavorare dinamico e dal coinvolgimento totale dei dipendenti.<\/p>\n<p>I prodotti del marchio <sup>tubra\u00ae <\/sup>sono riconosciuti e hanno successo sui mercati di tutto il mondo grazie ai pi\u00f9 alti standard di qualit\u00e0 e alle numerose opzioni di personalizzazione.<\/p>\n<p><b><u>Stiamo cercando<\/u><\/b><\/p>\n<\/div>\n<p>Stiamo cercando un dipendente motivato a tempo pieno (m\/f\/d) per supportare il nostro team di pianificazione e servizio<br>il prima possibile! Puoi anche candidarti come principiante (m\/f\/d), cambiatore di carriera (m\/f\/d) o rimpatriato (m\/f\/d). <br>Ti offriamo un programma di inserimento completo in un ambiente di lavoro sicuro, attivit\u00e0 varie, una comunicazione aperta<br>e un team giovane e amichevole che non vede l&#8217;ora di ricevere il tuo supporto!<\/p>\n<p><\/p>\n<p><strong><span style=\"text-decoration: underline;\">I vostri compiti<\/span><br><\/strong><\/p>\n<p>Sei il supporto tecnico per il nostro team di assistenza nell&#8217;area della pianificazione del sistema e quindi la persona di contatto (m\/f\/d) per<br>domande di assistenza relative alle nostre stazioni di acqua dolce, sistemi di riscaldamento, stazioni domestiche, Power 2 Heat ed energie rinnovabili per gli installatori (m\/f\/d) di <br>. Consiglierai i clienti (m\/f\/d) su sistemi di riscaldamento efficienti ed economici e fornirai supporto<br>tecnico al nostro team di vendita. <\/p>\n<p>Progetterai inoltre sistemi per impianti di acqua potabile esistenti e nuovi e sottostazioni domestiche, elaborerai layout di impianti esistenti e progetterai nuovi impianti.&nbsp;<\/p>\n<p><span style=\"letter-spacing: 0px;\">Lo sviluppo di miglioramenti continui basati sul feedback del mercato e il supporto nella creazione di documenti tecnici sui prodotti<br>completano la tua variegata e interessante area di responsabilit\u00e0.<\/span><\/p>\n<p><span style=\"letter-spacing: 0px;\">Saremo lieti di ricevere la tua candidatura.<\/span><\/p><p><span style=\"letter-spacing: 0px;\"><br><\/span><\/p>\n<p><strong><span style=\"text-decoration: underline;\">Le tue qualifiche<\/span><\/strong><\/p><p>Hai&#8230;<\/p>\n<ul>\n<li>hai completato l&#8217;apprendistato come meccanico di impianti SHK (m\/f\/d) o tecnico di riscaldamento centrale (m\/f\/d) o sei un tecnico (m\/f\/d), maestro artigiano (m\/f\/d), bachelor (m\/f\/d) nel campo dell&#8217;ingegneria dei servizi edilizi, dell&#8217;ingegneria meccanica, dell&#8217;ingegneria elettrica o hai una qualifica\/esperienza comparabile<\/li>\n<li>L&#8217;esperienza nella progettazione, pianificazione e installazione di sistemi di riscaldamento \u00e8 auspicabile.<\/li>\n<li>Ingegno, iniziativa e impegno<\/li>\n<li>Buon tedesco scritto e parlato<\/li>\n<li>Affidabilit\u00e0, puntualit\u00e0, capacit\u00e0 di comunicare e di lavorare in gruppo, stile di lavoro indipendente, senso di responsabilit\u00e0.<\/li>\n<li>un&#8217;esperienza nell&#8217;uso di Microsoft Office<\/li>\n<\/ul>\n<div>\n<p><strong><u>Offriamo<\/u><\/strong><\/p>\n<ul>\n<li>Opportunit\u00e0 di sviluppo per la realizzazione di nuove idee<\/li>\n<li>Cultura aziendale aperta con gerarchie piatte<\/li>\n<li>Orario di lavoro flessibile<\/li>\n<li>Reddito da prestazione<\/li>\n<li>Familiarizzazione dettagliata<\/li>\n<li>Attivit\u00e0 in posizione permanente<\/li>\n<li>Contributo per il piano pensionistico aziendale<\/li>\n<li>Una cucina per il personale completamente attrezzata<\/li>\n<li>Bevande gratuite<\/li>\n<li>Ulteriori opportunit\u00e0 di formazione<\/li>\n<li>Bicicletta da lavoro<\/li>\n<li>Parcheggio<\/li>\n<li>Buoni collegamenti con i trasporti pubblici<\/li>\n<\/ul>\n<\/div>\n<p><strong>Abbiamo suscitato il tuo interesse?<br><\/strong>Allora invia la tua candidatura completa e informativa, comprensiva di lettera di presentazione, CV e tutti i certificati pertinenti <br>via e-mail:<\/p>\n<p>Gebr. Tuxhorn GmbH &amp; Co. KG<br>Dipartimento Risorse Umane<br>Senner Str. 171<br>33659 Bielefeld<br>&#x70;&#x65;&#x72;&#x73;&#111;&#110;&#97;l&#64;&#x74;&#x75;&#x78;&#x68;&#x6f;&#114;&#110;&#46;de<br>0521 &#8211; 44808-0&nbsp;<\/p>\t\t\t\t\t\t\t\t<\/div>\n\t\t\t\t<\/div>\n\t\t\t\t\t<\/div>\n\t\t<\/div>\n\t\t\t\t\t<\/div>\n\t\t<\/section>\n\t\t\t\t<\/div>\n\t\t","protected":false},"excerpt":{"rendered":"<p>Annunci di lavoro a tuxhorn Impiegato (m\/f\/d) per consulenza tecnica \/ lavoro d&#8217;ufficio &nbsp; tuxhorn armaturen \u00e8 un produttore tedesco di valvole e gruppi di pompe per il controllo idraulico degli impianti di riscaldamento e di acqua dolce e offre soluzioni per l&#8217;utilizzo efficiente delle energie rinnovabili. L&#8217;azienda di medie dimensioni con sede a Bielefeld [&hellip;]<\/p>\n","protected":false},"author":6,"featured_media":0,"parent":40879,"menu_order":174,"comment_status":"closed","ping_status":"closed","template":"page-templates\/fullwidth-content.php","meta":{"footnotes":""},"class_list":["post-48820","page","type-page","status-publish","hentry"],"_links":{"self":[{"href":"https:\/\/www.tuxhorn.de\/it\/wp-json\/wp\/v2\/pages\/48820","targetHints":{"allow":["GET"]}}],"collection":[{"href":"https:\/\/www.tuxhorn.de\/it\/wp-json\/wp\/v2\/pages"}],"about":[{"href":"https:\/\/www.tuxhorn.de\/it\/wp-json\/wp\/v2\/types\/page"}],"author":[{"embeddable":true,"href":"https:\/\/www.tuxhorn.de\/it\/wp-json\/wp\/v2\/users\/6"}],"replies":[{"embeddable":true,"href":"https:\/\/www.tuxhorn.de\/it\/wp-json\/wp\/v2\/comments?post=48820"}],"version-history":[{"count":1,"href":"https:\/\/www.tuxhorn.de\/it\/wp-json\/wp\/v2\/pages\/48820\/revisions"}],"predecessor-version":[{"id":48821,"href":"https:\/\/www.tuxhorn.de\/it\/wp-json\/wp\/v2\/pages\/48820\/revisions\/48821"}],"up":[{"embeddable":true,"href":"https:\/\/www.tuxhorn.de\/it\/wp-json\/wp\/v2\/pages\/40879"}],"wp:attachment":[{"href":"https:\/\/www.tuxhorn.de\/it\/wp-json\/wp\/v2\/media?parent=48820"}],"curies":[{"name":"wp","href":"https:\/\/api.w.org\/{rel}","templated":true}]}}